{"id":382,"date":"2019-02-25T13:19:19","date_gmt":"2019-02-25T13:19:19","guid":{"rendered":"http:\/\/localhost\/?page_id=382"},"modified":"2020-04-23T11:01:59","modified_gmt":"2020-04-23T11:01:59","slug":"a-propos-de-nous","status":"publish","type":"page","link":"https:\/\/www.lemasdupic.com\/index.php\/a-propos-de-nous\/","title":{"rendered":"\u00c0 propos de nous"},"content":{"rendered":"\n<p>Nous, c&#8217;est l&#8217;histoire d&#8217;une famille ! Nous pourrions faire une s\u00e9rie avec plusieurs saisons et nous serions dans l&#8217;air du temps&#8230; <\/p>\n\n\n\n<p>Comment se pr\u00e9senter sans dire quelques mots sur la maison. Nous l&#8217;avons construite de toute pi\u00e8ce avec nos quelques mains , entre parents et enfants. Les 2 hommes \u00e9tant les principaux b\u00e2tisseurs et les 2 femmes jouant dans l&#8217;ombre&#8230; Sur ce chantier 2 enfants sont n\u00e9s apportant ainsi une nouvelle g\u00e9n\u00e9ration \u00e0 l&#8217;\u00e9difice &#8230; Il a fallu 4 ann\u00e9es enti\u00e8res pour concr\u00e9tiser ce projet ambitieux r\u00e9alisant ainsi un r\u00eave ! <\/p>\n\n\n\n<p>Les heureux propri\u00e9taires, ce sont nous : Sandrine et Sylvain ! Nous connaissons tous les recoins et les anecdotes de la dalle au plafond&#8230; Et, au del\u00e0 de cette s\u00e9dentarit\u00e9 apparente, nous sommes des voyageurs au long cours. Nous sommes curieux et nous aimons la rencontre. Pour nous, la diff\u00e9rence fait la richesse du monde et c&#8217;est pourquoi nous sommes heureux de mettre cette maison \u00e0 disposition de tous ! Elle a \u00e9t\u00e9 faite avec beaucoup d&#8217;amour, de patience, de tol\u00e9rance et nous esp\u00e9rons qu&#8217;il y r\u00e8gne une \u00e9nergie accueillante pour tous ceux qui veulent se retrouver en famille ou entre amis avec le plaisir de partager, \u00e9changer et plus encore &#8230;<\/p>\n","protected":false},"excerpt":{"rendered":"<p>Nous, c&#8217;est l&#8217;histoire d&#8217;une famille ! Nous pourrions faire une s\u00e9rie avec plusieurs saisons et nous serions dans l&#8217;air du temps&#8230; Comment se pr\u00e9senter sans dire quelques mots sur la maison. Nous l&#8217;avons construite de toute pi\u00e8ce avec nos quelques mains , entre parents et enfants. Les 2 hommes \u00e9tant les principaux b\u00e2tisseurs et les &hellip; <\/p>\n<p class=\"link-more\"><a href=\"https:\/\/www.lemasdupic.com\/index.php\/a-propos-de-nous\/\" class=\"more-link\">Continue reading<span class=\"screen-reader-text\"> &#8220;\u00c0 propos de nous&#8221;<\/span><\/a><\/p>\n","protected":false},"author":1,"featured_media":339,"parent":0,"menu_order":0,"comment_status":"closed","ping_status":"closed","template":"","meta":{"footnotes":""},"class_list":["post-382","page","type-page","status-publish","has-post-thumbnail","hentry"],"yoast_head":"<!-- This site is optimized with the Yoast SEO plugin v24.7 - https:\/\/yoast.com\/wordpress\/plugins\/seo\/ -->\n<title>\u00c0 propos de nous - Le Mas du Pic<\/title>\n<meta name=\"robots\" content=\"index, follow, max-snippet:-1, max-image-preview:large, max-video-preview:-1\" \/>\n<link rel=\"canonical\" href=\"https:\/\/www.lemasdupic.com\/index.php\/a-propos-de-nous\/\" \/>\n<meta property=\"og:locale\" content=\"en_US\" \/>\n<meta property=\"og:type\" content=\"article\" \/>\n<meta property=\"og:title\" content=\"\u00c0 propos de nous - Le Mas du Pic\" \/>\n<meta property=\"og:description\" content=\"Nous, c&#8217;est l&#8217;histoire d&#8217;une famille ! Nous pourrions faire une s\u00e9rie avec plusieurs saisons et nous serions dans l&#8217;air du temps&#8230; Comment se pr\u00e9senter sans dire quelques mots sur la maison. Nous l&#8217;avons construite de toute pi\u00e8ce avec nos quelques mains , entre parents et enfants. Les 2 hommes \u00e9tant les principaux b\u00e2tisseurs et les &hellip; Continue reading &quot;\u00c0 propos de nous&quot;\" \/>\n<meta property=\"og:url\" content=\"https:\/\/www.lemasdupic.com\/index.php\/a-propos-de-nous\/\" \/>\n<meta property=\"og:site_name\" content=\"Le Mas du Pic\" \/>\n<meta property=\"article:modified_time\" content=\"2020-04-23T11:01:59+00:00\" \/>\n<meta property=\"og:image\" content=\"https:\/\/www.lemasdupic.com\/wp-content\/uploads\/2019\/02\/IMG_9651.jpg\" \/>\n\t<meta property=\"og:image:width\" content=\"525\" \/>\n\t<meta property=\"og:image:height\" content=\"350\" \/>\n\t<meta property=\"og:image:type\" content=\"image\/jpeg\" \/>\n<meta name=\"twitter:card\" content=\"summary_large_image\" \/>\n<meta name=\"twitter:label1\" content=\"Est. reading time\" \/>\n\t<meta name=\"twitter:data1\" content=\"1 minute\" \/>\n<script type=\"application\/ld+json\" class=\"yoast-schema-graph\">{\"@context\":\"https:\/\/schema.org\",\"@graph\":[{\"@type\":\"WebPage\",\"@id\":\"https:\/\/www.lemasdupic.com\/index.php\/a-propos-de-nous\/\",\"url\":\"https:\/\/www.lemasdupic.com\/index.php\/a-propos-de-nous\/\",\"name\":\"\u00c0 propos de nous - Le Mas du Pic\",\"isPartOf\":{\"@id\":\"https:\/\/www.lemasdupic.com\/#website\"},\"primaryImageOfPage\":{\"@id\":\"https:\/\/www.lemasdupic.com\/index.php\/a-propos-de-nous\/#primaryimage\"},\"image\":{\"@id\":\"https:\/\/www.lemasdupic.com\/index.php\/a-propos-de-nous\/#primaryimage\"},\"thumbnailUrl\":\"https:\/\/www.lemasdupic.com\/wp-content\/uploads\/2019\/02\/IMG_9651.jpg\",\"datePublished\":\"2019-02-25T13:19:19+00:00\",\"dateModified\":\"2020-04-23T11:01:59+00:00\",\"breadcrumb\":{\"@id\":\"https:\/\/www.lemasdupic.com\/index.php\/a-propos-de-nous\/#breadcrumb\"},\"inLanguage\":\"en-US\",\"potentialAction\":[{\"@type\":\"ReadAction\",\"target\":[\"https:\/\/www.lemasdupic.com\/index.php\/a-propos-de-nous\/\"]}]},{\"@type\":\"ImageObject\",\"inLanguage\":\"en-US\",\"@id\":\"https:\/\/www.lemasdupic.com\/index.php\/a-propos-de-nous\/#primaryimage\",\"url\":\"https:\/\/www.lemasdupic.com\/wp-content\/uploads\/2019\/02\/IMG_9651.jpg\",\"contentUrl\":\"https:\/\/www.lemasdupic.com\/wp-content\/uploads\/2019\/02\/IMG_9651.jpg\",\"width\":5184,\"height\":3456},{\"@type\":\"BreadcrumbList\",\"@id\":\"https:\/\/www.lemasdupic.com\/index.php\/a-propos-de-nous\/#breadcrumb\",\"itemListElement\":[{\"@type\":\"ListItem\",\"position\":1,\"name\":\"Home\",\"item\":\"https:\/\/www.lemasdupic.com\/\"},{\"@type\":\"ListItem\",\"position\":2,\"name\":\"\u00c0 propos de nous\"}]},{\"@type\":\"WebSite\",\"@id\":\"https:\/\/www.lemasdupic.com\/#website\",\"url\":\"https:\/\/www.lemasdupic.com\/\",\"name\":\"Le Mas du Pic\",\"description\":\"Location en Pic-Saint Loup\",\"potentialAction\":[{\"@type\":\"SearchAction\",\"target\":{\"@type\":\"EntryPoint\",\"urlTemplate\":\"https:\/\/www.lemasdupic.com\/?s={search_term_string}\"},\"query-input\":{\"@type\":\"PropertyValueSpecification\",\"valueRequired\":true,\"valueName\":\"search_term_string\"}}],\"inLanguage\":\"en-US\"}]}<\/script>\n<!-- \/ Yoast SEO plugin. -->","yoast_head_json":{"title":"\u00c0 propos de nous - Le Mas du Pic","robots":{"index":"index","follow":"follow","max-snippet":"max-snippet:-1","max-image-preview":"max-image-preview:large","max-video-preview":"max-video-preview:-1"},"canonical":"https:\/\/www.lemasdupic.com\/index.php\/a-propos-de-nous\/","og_locale":"en_US","og_type":"article","og_title":"\u00c0 propos de nous - Le Mas du Pic","og_description":"Nous, c&#8217;est l&#8217;histoire d&#8217;une famille ! Nous pourrions faire une s\u00e9rie avec plusieurs saisons et nous serions dans l&#8217;air du temps&#8230; Comment se pr\u00e9senter sans dire quelques mots sur la maison. Nous l&#8217;avons construite de toute pi\u00e8ce avec nos quelques mains , entre parents et enfants. Les 2 hommes \u00e9tant les principaux b\u00e2tisseurs et les &hellip; Continue reading \"\u00c0 propos de nous\"","og_url":"https:\/\/www.lemasdupic.com\/index.php\/a-propos-de-nous\/","og_site_name":"Le Mas du Pic","article_modified_time":"2020-04-23T11:01:59+00:00","og_image":[{"url":"https:\/\/www.lemasdupic.com\/wp-content\/uploads\/2019\/02\/IMG_9651.jpg","width":525,"height":350,"type":"image\/jpeg"}],"twitter_card":"summary_large_image","twitter_misc":{"Est. reading time":"1 minute"},"schema":{"@context":"https:\/\/schema.org","@graph":[{"@type":"WebPage","@id":"https:\/\/www.lemasdupic.com\/index.php\/a-propos-de-nous\/","url":"https:\/\/www.lemasdupic.com\/index.php\/a-propos-de-nous\/","name":"\u00c0 propos de nous - Le Mas du Pic","isPartOf":{"@id":"https:\/\/www.lemasdupic.com\/#website"},"primaryImageOfPage":{"@id":"https:\/\/www.lemasdupic.com\/index.php\/a-propos-de-nous\/#primaryimage"},"image":{"@id":"https:\/\/www.lemasdupic.com\/index.php\/a-propos-de-nous\/#primaryimage"},"thumbnailUrl":"https:\/\/www.lemasdupic.com\/wp-content\/uploads\/2019\/02\/IMG_9651.jpg","datePublished":"2019-02-25T13:19:19+00:00","dateModified":"2020-04-23T11:01:59+00:00","breadcrumb":{"@id":"https:\/\/www.lemasdupic.com\/index.php\/a-propos-de-nous\/#breadcrumb"},"inLanguage":"en-US","potentialAction":[{"@type":"ReadAction","target":["https:\/\/www.lemasdupic.com\/index.php\/a-propos-de-nous\/"]}]},{"@type":"ImageObject","inLanguage":"en-US","@id":"https:\/\/www.lemasdupic.com\/index.php\/a-propos-de-nous\/#primaryimage","url":"https:\/\/www.lemasdupic.com\/wp-content\/uploads\/2019\/02\/IMG_9651.jpg","contentUrl":"https:\/\/www.lemasdupic.com\/wp-content\/uploads\/2019\/02\/IMG_9651.jpg","width":5184,"height":3456},{"@type":"BreadcrumbList","@id":"https:\/\/www.lemasdupic.com\/index.php\/a-propos-de-nous\/#breadcrumb","itemListElement":[{"@type":"ListItem","position":1,"name":"Home","item":"https:\/\/www.lemasdupic.com\/"},{"@type":"ListItem","position":2,"name":"\u00c0 propos de nous"}]},{"@type":"WebSite","@id":"https:\/\/www.lemasdupic.com\/#website","url":"https:\/\/www.lemasdupic.com\/","name":"Le Mas du Pic","description":"Location en Pic-Saint Loup","potentialAction":[{"@type":"SearchAction","target":{"@type":"EntryPoint","urlTemplate":"https:\/\/www.lemasdupic.com\/?s={search_term_string}"},"query-input":{"@type":"PropertyValueSpecification","valueRequired":true,"valueName":"search_term_string"}}],"inLanguage":"en-US"}]}},"_links":{"self":[{"href":"https:\/\/www.lemasdupic.com\/index.php\/wp-json\/wp\/v2\/pages\/382","targetHints":{"allow":["GET"]}}],"collection":[{"href":"https:\/\/www.lemasdupic.com\/index.php\/wp-json\/wp\/v2\/pages"}],"about":[{"href":"https:\/\/www.lemasdupic.com\/index.php\/wp-json\/wp\/v2\/types\/page"}],"author":[{"embeddable":true,"href":"https:\/\/www.lemasdupic.com\/index.php\/wp-json\/wp\/v2\/users\/1"}],"replies":[{"embeddable":true,"href":"https:\/\/www.lemasdupic.com\/index.php\/wp-json\/wp\/v2\/comments?post=382"}],"version-history":[{"count":3,"href":"https:\/\/www.lemasdupic.com\/index.php\/wp-json\/wp\/v2\/pages\/382\/revisions"}],"predecessor-version":[{"id":471,"href":"https:\/\/www.lemasdupic.com\/index.php\/wp-json\/wp\/v2\/pages\/382\/revisions\/471"}],"wp:featuredmedia":[{"embeddable":true,"href":"https:\/\/www.lemasdupic.com\/index.php\/wp-json\/wp\/v2\/media\/339"}],"wp:attachment":[{"href":"https:\/\/www.lemasdupic.com\/index.php\/wp-json\/wp\/v2\/media?parent=382"}],"curies":[{"name":"wp","href":"https:\/\/api.w.org\/{rel}","templated":true}]}}